{"id":55,"date":"2024-04-09T15:22:09","date_gmt":"2024-04-09T15:22:09","guid":{"rendered":"https:\/\/risograd.org\/?page_id=55"},"modified":"2024-10-10T09:42:29","modified_gmt":"2024-10-10T09:42:29","slug":"termine","status":"publish","type":"page","link":"https:\/\/risograd.org\/index.php\/termine\/","title":{"rendered":"Termine"},"content":{"rendered":"\n<p><strong>Upcoming<\/strong><\/p>\n\n\n\n<p>Donnerstag, 24.10.2024: <a href=\"https:\/\/freiraumfest.at\/event\/witchcraft-im-risograd\/\" title=\"\">Workshop im Rahmen des Freiraumfestes von 16 bis 20 Uhr.<\/a><\/p>\n\n\n\n<p><em>Thema &#8220;Witchcraft&#8221;: Wir drucken Hexen und Magie aller Art. Bringt vorbereitete Motive mit oder gestaltet sie spontan vor Ort. Es sind keinerlei Vorkenntnisse notwendig. Wir k\u00f6nnen sowohl digitale als auch analoge Motive drucken. Anmeldung erforderlich: Bitte meldet euch \u00fcber Instagram @risograd oder\u00a0<a>info[at]risograd[dot]org<\/a>\u00a0bis zum 17. Oktober f\u00fcr den Workshop an. Der Workshop ist auf 10 Pl\u00e4tze limitiert. F\u00fcr die Materialkosten bitten wir euch um eine freiwillige Spende. <\/em><br><\/p>\n\n\n\n<p>Samstag, 9. November 2024: <strong>RISUMPF &#8211; offene Druckwerkstatt in Risograd<\/strong> von 13 bis 18 Uhr (ohne verpflichtende Anmeldung, aber schreibt uns gern vorab, dann k\u00f6nnen wir besser planen: i<a href=\"mailto:nfo@risograd.org\">nfo@risograd.org<\/a>)<\/p>\n\n\n\n<p>Samstag, 7. Dezember 2024: <strong>RISUMPF &#8211; offene Druckwerkstatt in Risograd<\/strong> von 13 bis 18 Uhr (ohne verpflichtende Anmeldung, aber schreibt uns gern vorab, dann k\u00f6nnen wir besser planen: i<a href=\"mailto:nfo@risograd.org\">nfo@risograd.org<\/a>)<br><\/p>\n\n\n\n<p><strong>Previous<\/strong><\/p>\n\n\n\n<p>Samstag, 5. Oktober 2024: <strong>RISUMPF &#8211; offene Druckwerkstatt in Risograd<\/strong> von 13 bis 18 Uhr (ohne verpflichtende Anmeldung, aber schreibt uns gern vorab, dann k\u00f6nnen wir besser planen: i<a href=\"mailto:nfo@risograd.org\">nfo@risograd.org<\/a>)<\/p>\n\n\n\n<p>Freitag, 21. Juni bis Sonntag, 23. Juni:<strong> <a href=\"https:\/\/sterrrn.grrrls.at\/\">STERRRN festival <\/a><\/strong>im Skulpturenpark. (Kommt gerne an unserem Stand vorbei, f\u00fcr Zines &amp; Gespr\u00e4che \u00fcber Risographie)<\/p>\n\n\n\n<p>Samstag, 1. Juni 2024: <strong>RISUMPF &#8211; offene Druckwerkstatt in Risograd<\/strong> von 11 bis 17 Uhr (ohne verpflichtende Anmeldung, aber schreibt uns gern vorab, dann k\u00f6nnen wir besser planen: i<a href=\"mailto:nfo@risograd.org\">nfo@risograd.org<\/a>)<\/p>\n\n\n\n<p>Donnerstag, 9. Mai bis Samstag, 11. Mai: <strong><a href=\"https:\/\/krilit.wordpress.com\/\">Kritische Literaturtage 2024 (Messe)<\/a><\/strong> in Wien. (Kommt gerne an unserem Stand vorbei, f\u00fcr Zines &amp; Gespr\u00e4che \u00fcber Risographie)<\/p>\n\n\n\n<p>Samstag, 4. Mai 2024: <strong>RISUMPF &#8211; offene Druckwerkstatt in Risograd<\/strong> von 11 bis 17 Uhr (ohne verpflichtende Anmeldung, aber schreibt uns gern vorab, dann k\u00f6nnen wir besser planen: i<a href=\"mailto:nfo@risograd.org\">nfo@risograd.org<\/a>)<\/p>\n\n\n\n<p>Samstag, 13. April 2024: <strong>RISUMPF &#8211; offene Druckwerkstatt in Risograd<\/strong> von 11 bis 17 Uhr (ohne verpflichtende Anmeldung, aber schreibt uns gern vorab, dann k\u00f6nnen wir besser planen: i<a href=\"mailto:nfo@risograd.org\">nfo@risograd.org<\/a>)<\/p>\n\n\n\n<p><\/p>\n","protected":false},"excerpt":{"rendered":"<p>Upcoming Donnerstag, 24.10.2024: Workshop im Rahmen des Freiraumfestes von 16 bis 20 Uhr. Thema &#8220;Witchcraft&#8221;: Wir drucken Hexen und Magie aller Art. Bringt vorbereitete Motive mit oder gestaltet sie spontan vor Ort. Es sind keinerlei Vorkenntnisse notwendig. Wir k\u00f6nnen sowohl digitale als auch analoge Motive drucken. Anmeldung erforderlich: Bitte meldet euch \u00fcber Instagram @risograd oder\u00a0info[at]risograd[dot]org\u00a0bis&hellip; <a class=\"more-link\" href=\"https:\/\/risograd.org\/index.php\/termine\/\">Continue reading <span class=\"screen-reader-text\">Termine<\/span><\/a><\/p>\n","protected":false},"author":1,"featured_media":0,"parent":0,"menu_order":0,"comment_status":"closed","ping_status":"closed","template":"","meta":{"_monsterinsights_skip_tracking":false,"_monsterinsights_sitenote_active":false,"_monsterinsights_sitenote_note":"","_monsterinsights_sitenote_category":0,"footnotes":""},"class_list":["post-55","page","type-page","status-publish","hentry","entry"],"aioseo_notices":[],"_links":{"self":[{"href":"https:\/\/risograd.org\/index.php\/wp-json\/wp\/v2\/pages\/55","targetHints":{"allow":["GET"]}}],"collection":[{"href":"https:\/\/risograd.org\/index.php\/wp-json\/wp\/v2\/pages"}],"about":[{"href":"https:\/\/risograd.org\/index.php\/wp-json\/wp\/v2\/types\/page"}],"author":[{"embeddable":true,"href":"https:\/\/risograd.org\/index.php\/wp-json\/wp\/v2\/users\/1"}],"replies":[{"embeddable":true,"href":"https:\/\/risograd.org\/index.php\/wp-json\/wp\/v2\/comments?post=55"}],"version-history":[{"count":8,"href":"https:\/\/risograd.org\/index.php\/wp-json\/wp\/v2\/pages\/55\/revisions"}],"predecessor-version":[{"id":104,"href":"https:\/\/risograd.org\/index.php\/wp-json\/wp\/v2\/pages\/55\/revisions\/104"}],"wp:attachment":[{"href":"https:\/\/risograd.org\/index.php\/wp-json\/wp\/v2\/media?parent=55"}],"curies":[{"name":"wp","href":"https:\/\/api.w.org\/{rel}","templated":true}]}}